{"id":50,"date":"2024-10-16T15:57:26","date_gmt":"2024-10-16T13:57:26","guid":{"rendered":"https:\/\/kgv-heine-abg.de\/?page_id=50"},"modified":"2026-02-11T08:26:22","modified_gmt":"2026-02-11T07:26:22","slug":"freie-gaerten","status":"publish","type":"page","link":"https:\/\/kgv-heine-abg.de\/index.php\/freie-gaerten\/","title":{"rendered":"Freie G\u00e4rten"},"content":{"rendered":"<p>Bei Kontaktaufnahme bzw. Vororttermin zur Besichtigung wird \u00fcber die Details der in<br \/>\nGartenordnung und Satzung geregelten Randbedingungen der Vereinsmitgliedschaft und eines<br \/>\nUnterpachtverh\u00e4ltnisses informiert.<\/p>\n<p><span style=\"color: #ffffff;\">.<\/span><\/p>\n<p><span style=\"color: #ffffff;\">.<\/span><\/p>\n<p>&nbsp;<\/p>\n<p><strong>Der Garten Nr. 150<\/strong><\/p>\n<p><img loading=\"lazy\" decoding=\"async\" class=\"alignleft wp-image-376 size-large\" src=\"https:\/\/kgv-heine-abg.de\/wp-content\/uploads\/2025\/09\/150-1024x461.jpg\" alt=\"\" width=\"920\" height=\"414\" srcset=\"https:\/\/kgv-heine-abg.de\/wp-content\/uploads\/2025\/09\/150-1024x461.jpg 1024w, https:\/\/kgv-heine-abg.de\/wp-content\/uploads\/2025\/09\/150-300x135.jpg 300w, https:\/\/kgv-heine-abg.de\/wp-content\/uploads\/2025\/09\/150-768x346.jpg 768w, https:\/\/kgv-heine-abg.de\/wp-content\/uploads\/2025\/09\/150-1536x692.jpg 1536w, https:\/\/kgv-heine-abg.de\/wp-content\/uploads\/2025\/09\/150-150x68.jpg 150w, https:\/\/kgv-heine-abg.de\/wp-content\/uploads\/2025\/09\/150.jpg 1600w\" sizes=\"auto, (max-width: 920px) 100vw, 920px\" \/><\/p>\n<p><img loading=\"lazy\" decoding=\"async\" class=\"alignleft wp-image-366 size-large\" src=\"https:\/\/kgv-heine-abg.de\/wp-content\/uploads\/2025\/09\/38_2-1024x461.jpg\" alt=\"\" width=\"920\" height=\"414\" srcset=\"https:\/\/kgv-heine-abg.de\/wp-content\/uploads\/2025\/09\/38_2-1024x461.jpg 1024w, https:\/\/kgv-heine-abg.de\/wp-content\/uploads\/2025\/09\/38_2-300x135.jpg 300w, https:\/\/kgv-heine-abg.de\/wp-content\/uploads\/2025\/09\/38_2-768x346.jpg 768w, https:\/\/kgv-heine-abg.de\/wp-content\/uploads\/2025\/09\/38_2-1536x692.jpg 1536w, https:\/\/kgv-heine-abg.de\/wp-content\/uploads\/2025\/09\/38_2-150x68.jpg 150w, https:\/\/kgv-heine-abg.de\/wp-content\/uploads\/2025\/09\/38_2.jpg 1600w\" sizes=\"auto, (max-width: 920px) 100vw, 920px\" \/><\/p>\n<p><span style=\"color: #ffffff;\">.<\/span><\/p>\n<p>mit ca. 300 m\u00b2 Fl\u00e4che, Laube mit Terrasse, ist sofort zur Pacht<br \/>\nabzugeben. Wasser- und Stromanschluss sind vorhanden.<\/p>\n<p>Die j\u00e4hrlichen Kosten f\u00fcr Pacht, Beitr\u00e4ge, Umlagen usw. betragen ebenfalls ca. 75,00 \u20ac, zuz\u00fcglich Strom und<br \/>\nWasserkosten entsprechend pers\u00f6nlichem Verbrauch<\/p>\n<p>.<\/p>\n<p>.<\/p>\n<p><strong>Der Garten Nr.144<\/strong><\/p>\n<p>&nbsp;<\/p>\n<p><img loading=\"lazy\" decoding=\"async\" class=\"alignleft wp-image-374 size-large\" src=\"https:\/\/kgv-heine-abg.de\/wp-content\/uploads\/2025\/09\/144-1024x461.jpg\" alt=\"\" width=\"920\" height=\"414\" srcset=\"https:\/\/kgv-heine-abg.de\/wp-content\/uploads\/2025\/09\/144-1024x461.jpg 1024w, https:\/\/kgv-heine-abg.de\/wp-content\/uploads\/2025\/09\/144-300x135.jpg 300w, https:\/\/kgv-heine-abg.de\/wp-content\/uploads\/2025\/09\/144-768x346.jpg 768w, https:\/\/kgv-heine-abg.de\/wp-content\/uploads\/2025\/09\/144-1536x691.jpg 1536w, https:\/\/kgv-heine-abg.de\/wp-content\/uploads\/2025\/09\/144-150x68.jpg 150w, https:\/\/kgv-heine-abg.de\/wp-content\/uploads\/2025\/09\/144.jpg 2000w\" sizes=\"auto, (max-width: 920px) 100vw, 920px\" \/><\/p>\n<p>&nbsp;<\/p>\n<p>&nbsp;<\/p>\n<p>mit ca. 300 m\u00b2 Fl\u00e4che, Laube mit Terrasse, ist sofort zur Pacht<br \/>\nabzugeben. Wasser- und Stromanschluss sind vorhanden.<\/p>\n<p>Die j\u00e4hrlichen Kosten f\u00fcr Pacht, Beitr\u00e4ge, Umlagen usw. betragen ebenfalls ca. 75,00 \u20ac, zuz\u00fcglich Strom und<br \/>\nWasserkosten entsprechend pers\u00f6nlichem Verbrauch<\/p>\n<p>&nbsp;<\/p>\n<p>&nbsp;<\/p>\n<p><strong>Der Garten Nr.138<\/strong><\/p>\n<p>&nbsp;<\/p>\n<p><img loading=\"lazy\" decoding=\"async\" class=\"alignleft wp-image-373 size-large\" src=\"https:\/\/kgv-heine-abg.de\/wp-content\/uploads\/2025\/09\/138-1024x461.jpg\" alt=\"\" width=\"920\" height=\"414\" srcset=\"https:\/\/kgv-heine-abg.de\/wp-content\/uploads\/2025\/09\/138-1024x461.jpg 1024w, https:\/\/kgv-heine-abg.de\/wp-content\/uploads\/2025\/09\/138-300x135.jpg 300w, https:\/\/kgv-heine-abg.de\/wp-content\/uploads\/2025\/09\/138-768x346.jpg 768w, https:\/\/kgv-heine-abg.de\/wp-content\/uploads\/2025\/09\/138-1536x691.jpg 1536w, https:\/\/kgv-heine-abg.de\/wp-content\/uploads\/2025\/09\/138-150x68.jpg 150w, https:\/\/kgv-heine-abg.de\/wp-content\/uploads\/2025\/09\/138.jpg 2000w\" sizes=\"auto, (max-width: 920px) 100vw, 920px\" \/><\/p>\n<p>mit ca. 300 m\u00b2 Fl\u00e4che, Laube mit Terrasse, ist sofort zur Pacht<br \/>\nabzugeben. Wasser- und Stromanschluss sind vorhanden.<\/p>\n<p>Die j\u00e4hrlichen Kosten f\u00fcr Pacht, Beitr\u00e4ge, Umlagen usw. betragen ebenfalls ca. 75,00 \u20ac, zuz\u00fcglich Strom und<br \/>\nWasserkosten entsprechend pers\u00f6nlichem Verbrauch<\/p>\n<p>&nbsp;<\/p>\n<p>&nbsp;<\/p>\n<p><strong>Der Garten Nr.123<\/strong><\/p>\n<p><img loading=\"lazy\" decoding=\"async\" class=\"alignleft wp-image-372 size-large\" src=\"https:\/\/kgv-heine-abg.de\/wp-content\/uploads\/2025\/09\/123-1024x461.jpg\" alt=\"\" width=\"920\" height=\"414\" srcset=\"https:\/\/kgv-heine-abg.de\/wp-content\/uploads\/2025\/09\/123-1024x461.jpg 1024w, https:\/\/kgv-heine-abg.de\/wp-content\/uploads\/2025\/09\/123-300x135.jpg 300w, https:\/\/kgv-heine-abg.de\/wp-content\/uploads\/2025\/09\/123-768x346.jpg 768w, https:\/\/kgv-heine-abg.de\/wp-content\/uploads\/2025\/09\/123-1536x691.jpg 1536w, https:\/\/kgv-heine-abg.de\/wp-content\/uploads\/2025\/09\/123-150x68.jpg 150w, https:\/\/kgv-heine-abg.de\/wp-content\/uploads\/2025\/09\/123.jpg 2000w\" sizes=\"auto, (max-width: 920px) 100vw, 920px\" \/><\/p>\n<p>mit ca. 300 m\u00b2 Fl\u00e4che, Laube mit Terrasse, ist sofort zur Pacht<br \/>\nabzugeben. Wasser- und Stromanschluss sind vorhanden.<\/p>\n<p>Die j\u00e4hrlichen Kosten f\u00fcr Pacht, Beitr\u00e4ge, Umlagen usw. betragen ebenfalls ca. 75,00 \u20ac, zuz\u00fcglich Strom und<br \/>\nWasserkosten entsprechend pers\u00f6nlichem Verbrauch<\/p>\n<p>&nbsp;<\/p>\n<p>&nbsp;<\/p>\n<p><strong>Der Garten Nr.122<\/strong><\/p>\n<p><img loading=\"lazy\" decoding=\"async\" class=\"alignleft wp-image-370 size-large\" src=\"https:\/\/kgv-heine-abg.de\/wp-content\/uploads\/2025\/09\/119-1024x461.jpg\" alt=\"\" width=\"920\" height=\"414\" srcset=\"https:\/\/kgv-heine-abg.de\/wp-content\/uploads\/2025\/09\/119-1024x461.jpg 1024w, https:\/\/kgv-heine-abg.de\/wp-content\/uploads\/2025\/09\/119-300x135.jpg 300w, https:\/\/kgv-heine-abg.de\/wp-content\/uploads\/2025\/09\/119-768x346.jpg 768w, https:\/\/kgv-heine-abg.de\/wp-content\/uploads\/2025\/09\/119-1536x691.jpg 1536w, https:\/\/kgv-heine-abg.de\/wp-content\/uploads\/2025\/09\/119-150x68.jpg 150w, https:\/\/kgv-heine-abg.de\/wp-content\/uploads\/2025\/09\/119.jpg 2000w\" sizes=\"auto, (max-width: 920px) 100vw, 920px\" \/><\/p>\n<p>mit ca. 300 m\u00b2 Fl\u00e4che, Laube mit Terrasse, ist sofort zur Pacht<br \/>\nabzugeben. Wasser- und Stromanschluss sind vorhanden.<\/p>\n<p>Die j\u00e4hrlichen Kosten f\u00fcr Pacht, Beitr\u00e4ge, Umlagen usw. betragen ebenfalls ca. 75,00 \u20ac, zuz\u00fcglich Strom und<br \/>\nWasserkosten entsprechend pers\u00f6nlichem Verbrauch<\/p>\n<p>&nbsp;<\/p>\n<p><strong>Der Garten Nr.121<\/strong><\/p>\n<p><img loading=\"lazy\" decoding=\"async\" class=\"alignleft wp-image-371 size-large\" src=\"https:\/\/kgv-heine-abg.de\/wp-content\/uploads\/2025\/09\/121-1024x461.jpg\" alt=\"\" width=\"920\" height=\"414\" srcset=\"https:\/\/kgv-heine-abg.de\/wp-content\/uploads\/2025\/09\/121-1024x461.jpg 1024w, https:\/\/kgv-heine-abg.de\/wp-content\/uploads\/2025\/09\/121-300x135.jpg 300w, https:\/\/kgv-heine-abg.de\/wp-content\/uploads\/2025\/09\/121-768x346.jpg 768w, https:\/\/kgv-heine-abg.de\/wp-content\/uploads\/2025\/09\/121-1536x691.jpg 1536w, https:\/\/kgv-heine-abg.de\/wp-content\/uploads\/2025\/09\/121-150x68.jpg 150w, https:\/\/kgv-heine-abg.de\/wp-content\/uploads\/2025\/09\/121.jpg 2000w\" sizes=\"auto, (max-width: 920px) 100vw, 920px\" \/><\/p>\n<p>mit ca. 300 m\u00b2 Fl\u00e4che, Laube mit Terrasse, ist sofort zur Pacht<br \/>\nabzugeben. Wasser- und Stromanschluss sind vorhanden.<\/p>\n<p>Die j\u00e4hrlichen Kosten f\u00fcr Pacht, Beitr\u00e4ge, Umlagen usw. betragen ebenfalls ca. 75,00 \u20ac, zuz\u00fcglich Strom und<br \/>\nWasserkosten entsprechend pers\u00f6nlichem Verbrauch<\/p>\n<p>&nbsp;<\/p>\n<p><strong>Der Garten Nr.112<\/strong><\/p>\n<p><img loading=\"lazy\" decoding=\"async\" class=\"alignleft wp-image-369 size-large\" src=\"https:\/\/kgv-heine-abg.de\/wp-content\/uploads\/2025\/09\/112-1024x461.jpg\" alt=\"\" width=\"920\" height=\"414\" srcset=\"https:\/\/kgv-heine-abg.de\/wp-content\/uploads\/2025\/09\/112-1024x461.jpg 1024w, https:\/\/kgv-heine-abg.de\/wp-content\/uploads\/2025\/09\/112-300x135.jpg 300w, https:\/\/kgv-heine-abg.de\/wp-content\/uploads\/2025\/09\/112-768x346.jpg 768w, https:\/\/kgv-heine-abg.de\/wp-content\/uploads\/2025\/09\/112-1536x691.jpg 1536w, https:\/\/kgv-heine-abg.de\/wp-content\/uploads\/2025\/09\/112-150x68.jpg 150w, https:\/\/kgv-heine-abg.de\/wp-content\/uploads\/2025\/09\/112.jpg 2000w\" sizes=\"auto, (max-width: 920px) 100vw, 920px\" \/><\/p>\n<p>mit ca. 300 m\u00b2 Fl\u00e4che, Laube mit Terrasse, ist sofort zur Pacht<br \/>\nabzugeben. Wasser- und Stromanschluss sind vorhanden.<\/p>\n<p>Die j\u00e4hrlichen Kosten f\u00fcr Pacht, Beitr\u00e4ge, Umlagen usw. betragen ebenfalls ca. 75,00 \u20ac, zuz\u00fcglich Strom und<br \/>\nWasserkosten entsprechend pers\u00f6nlichem Verbrauch<\/p>\n<p>&nbsp;<\/p>\n<p>&nbsp;<\/p>\n<p><strong>Der Garten Nr.108<\/strong><\/p>\n<p><img loading=\"lazy\" decoding=\"async\" class=\"alignleft wp-image-367 size-large\" src=\"https:\/\/kgv-heine-abg.de\/wp-content\/uploads\/2025\/09\/108-1024x461.jpg\" alt=\"\" width=\"920\" height=\"414\" srcset=\"https:\/\/kgv-heine-abg.de\/wp-content\/uploads\/2025\/09\/108-1024x461.jpg 1024w, https:\/\/kgv-heine-abg.de\/wp-content\/uploads\/2025\/09\/108-300x135.jpg 300w, https:\/\/kgv-heine-abg.de\/wp-content\/uploads\/2025\/09\/108-768x346.jpg 768w, https:\/\/kgv-heine-abg.de\/wp-content\/uploads\/2025\/09\/108-1536x691.jpg 1536w, https:\/\/kgv-heine-abg.de\/wp-content\/uploads\/2025\/09\/108-150x68.jpg 150w, https:\/\/kgv-heine-abg.de\/wp-content\/uploads\/2025\/09\/108.jpg 2000w\" sizes=\"auto, (max-width: 920px) 100vw, 920px\" \/><\/p>\n<p><img loading=\"lazy\" decoding=\"async\" class=\"alignleft wp-image-375 size-large\" src=\"https:\/\/kgv-heine-abg.de\/wp-content\/uploads\/2025\/09\/144_2-1024x461.jpg\" alt=\"\" width=\"920\" height=\"414\" srcset=\"https:\/\/kgv-heine-abg.de\/wp-content\/uploads\/2025\/09\/144_2-1024x461.jpg 1024w, https:\/\/kgv-heine-abg.de\/wp-content\/uploads\/2025\/09\/144_2-300x135.jpg 300w, https:\/\/kgv-heine-abg.de\/wp-content\/uploads\/2025\/09\/144_2-768x346.jpg 768w, https:\/\/kgv-heine-abg.de\/wp-content\/uploads\/2025\/09\/144_2-1536x691.jpg 1536w, https:\/\/kgv-heine-abg.de\/wp-content\/uploads\/2025\/09\/144_2-150x68.jpg 150w, https:\/\/kgv-heine-abg.de\/wp-content\/uploads\/2025\/09\/144_2.jpg 2000w\" sizes=\"auto, (max-width: 920px) 100vw, 920px\" \/><\/p>\n<p>&nbsp;<\/p>\n<p>mit ca. 300 m\u00b2 Fl\u00e4che, Laube mit Terrasse, ist sofort zur Pacht<br \/>\nabzugeben. Wasser- und Stromanschluss sind vorhanden.<\/p>\n<p>Die j\u00e4hrlichen Kosten f\u00fcr Pacht, Beitr\u00e4ge, Umlagen usw. betragen ebenfalls ca. 75,00 \u20ac, zuz\u00fcglich Strom und<br \/>\nWasserkosten entsprechend pers\u00f6nlichem Verbrauch<\/p>\n<p>&nbsp;<\/p>\n<p><strong>Der Garten Nr.38<\/strong><\/p>\n<p>&nbsp;<\/p>\n<p><img loading=\"lazy\" decoding=\"async\" class=\"alignleft wp-image-365 size-large\" src=\"https:\/\/kgv-heine-abg.de\/wp-content\/uploads\/2025\/09\/38-1024x461.jpg\" alt=\"\" width=\"920\" height=\"414\" srcset=\"https:\/\/kgv-heine-abg.de\/wp-content\/uploads\/2025\/09\/38-1024x461.jpg 1024w, https:\/\/kgv-heine-abg.de\/wp-content\/uploads\/2025\/09\/38-300x135.jpg 300w, https:\/\/kgv-heine-abg.de\/wp-content\/uploads\/2025\/09\/38-768x346.jpg 768w, https:\/\/kgv-heine-abg.de\/wp-content\/uploads\/2025\/09\/38-1536x691.jpg 1536w, https:\/\/kgv-heine-abg.de\/wp-content\/uploads\/2025\/09\/38-150x68.jpg 150w, https:\/\/kgv-heine-abg.de\/wp-content\/uploads\/2025\/09\/38.jpg 2000w\" sizes=\"auto, (max-width: 920px) 100vw, 920px\" \/><\/p>\n<p><img loading=\"lazy\" decoding=\"async\" class=\"alignleft wp-image-368 size-large\" src=\"https:\/\/kgv-heine-abg.de\/wp-content\/uploads\/2025\/09\/108_2-1024x461.jpg\" alt=\"\" width=\"920\" height=\"414\" srcset=\"https:\/\/kgv-heine-abg.de\/wp-content\/uploads\/2025\/09\/108_2-1024x461.jpg 1024w, https:\/\/kgv-heine-abg.de\/wp-content\/uploads\/2025\/09\/108_2-300x135.jpg 300w, https:\/\/kgv-heine-abg.de\/wp-content\/uploads\/2025\/09\/108_2-768x346.jpg 768w, https:\/\/kgv-heine-abg.de\/wp-content\/uploads\/2025\/09\/108_2-1536x691.jpg 1536w, https:\/\/kgv-heine-abg.de\/wp-content\/uploads\/2025\/09\/108_2-150x68.jpg 150w, https:\/\/kgv-heine-abg.de\/wp-content\/uploads\/2025\/09\/108_2.jpg 2000w\" sizes=\"auto, (max-width: 920px) 100vw, 920px\" \/><\/p>\n<p>&nbsp;<\/p>\n<p>mit ca. 300 m\u00b2 Fl\u00e4che, Laube mit Terrasse, ist sofort zur Pacht<br \/>\nabzugeben. Wasser- und Stromanschluss sind vorhanden.<\/p>\n<p>Die j\u00e4hrlichen Kosten f\u00fcr Pacht, Beitr\u00e4ge, Umlagen usw. betragen ebenfalls ca. 75,00 \u20ac, zuz\u00fcglich Strom und<br \/>\nWasserkosten entsprechend pers\u00f6nlichem Verbrauch<\/p>\n<p>&nbsp;<\/p>\n<p>&nbsp;<\/p>\n","protected":false},"excerpt":{"rendered":"<p>Bei Kontaktaufnahme bzw. Vororttermin zur Besichtigung wird \u00fcber die Details der in Gartenordnung und Satzung geregelten Randbedingungen der Vereinsmitgliedschaft und eines Unterpachtverh\u00e4ltnisses informiert. . . &nbsp; Der Garten Nr. 150 . mit ca. 300 m\u00b2 Fl\u00e4che, Laube mit Terrasse, ist sofort zur Pacht abzugeben. Wasser- und Stromanschluss sind vorhanden. Die<\/p>\n<p> <a class=\"continue-reading-link\" href=\"https:\/\/kgv-heine-abg.de\/index.php\/freie-gaerten\/\"><span><\/span><i class=\"crycon-right-dir\"><\/i><\/a> <\/p>\n","protected":false},"author":1,"featured_media":0,"parent":0,"menu_order":10,"comment_status":"closed","ping_status":"closed","template":"","meta":{"footnotes":""},"class_list":["post-50","page","type-page","status-publish","hentry"],"_links":{"self":[{"href":"https:\/\/kgv-heine-abg.de\/index.php\/wp-json\/wp\/v2\/pages\/50","targetHints":{"allow":["GET"]}}],"collection":[{"href":"https:\/\/kgv-heine-abg.de\/index.php\/wp-json\/wp\/v2\/pages"}],"about":[{"href":"https:\/\/kgv-heine-abg.de\/index.php\/wp-json\/wp\/v2\/types\/page"}],"author":[{"embeddable":true,"href":"https:\/\/kgv-heine-abg.de\/index.php\/wp-json\/wp\/v2\/users\/1"}],"replies":[{"embeddable":true,"href":"https:\/\/kgv-heine-abg.de\/index.php\/wp-json\/wp\/v2\/comments?post=50"}],"version-history":[{"count":18,"href":"https:\/\/kgv-heine-abg.de\/index.php\/wp-json\/wp\/v2\/pages\/50\/revisions"}],"predecessor-version":[{"id":397,"href":"https:\/\/kgv-heine-abg.de\/index.php\/wp-json\/wp\/v2\/pages\/50\/revisions\/397"}],"wp:attachment":[{"href":"https:\/\/kgv-heine-abg.de\/index.php\/wp-json\/wp\/v2\/media?parent=50"}],"curies":[{"name":"wp","href":"https:\/\/api.w.org\/{rel}","templated":true}]}}