{"id":21,"date":"2024-10-16T15:25:42","date_gmt":"2024-10-16T13:25:42","guid":{"rendered":"https:\/\/kgv-heine-abg.de\/?page_id=21"},"modified":"2025-11-20T09:27:03","modified_gmt":"2025-11-20T08:27:03","slug":"impressum","status":"publish","type":"page","link":"https:\/\/kgv-heine-abg.de\/index.php\/impressum\/","title":{"rendered":"Impressum"},"content":{"rendered":"\r\n<p>&nbsp;<\/p>\r\n\r\n\r\n\r\n<p>Kleingartenverein Heinrich-Heine e.V.<\/p>\r\n\r\n\r\n\r\n<p>Albert-Einstein-Stra\u00dfe 76<br \/>04600 Altenburg<\/p>\r\n\r\n\r\n\r\n<p>Ansprechpartner:<br \/>Roland Bauer<\/p>\r\n\r\n\r\n\r\n<p>Telefon: +49 3447 830818<br \/>E-Mail: webmaster[at]kgv-heine-abg.de<\/p>\r\n\r\n\r\n\r\n<p>Amtsgericht Altenburg<\/p>\r\n\r\n\r\n\r\n<p>VR200256<\/p>\r\n\r\n\r\n\r\n<p>Haftungshinweis:<\/p>\r\n\r\n\r\n\r\n<p>Die auf dieser Website dargestellten kostenfreien Informationen dienen ausschlie\u00dflich Ihrer Information. Wir \u00fcbernehmen keinerlei Gew\u00e4hr f\u00fcr die Richtigkeit, Vollst\u00e4ndigkeit oder Aktualit\u00e4t der bereitgestellten Informationen. Anspr\u00fcche aus Auskunft, Empfehlung oder Beratung k\u00f6nnen aus der Bereitstellung nicht hergeleitet werden. Eine Haftung f\u00fcr Sch\u00e4den ist grunds\u00e4tzlich ausgeschlossen, soweit nicht Vorsatz oder grobe Fahrl\u00e4ssigkeit von uns zu vertreten ist.<\/p>\r\n\r\n\r\n\r\n<p>Wir behalten uns vor, die Webseiten jederzeit zu ver\u00e4ndern, zu erg\u00e4nzen oder zu l\u00f6schen.<\/p>\r\n\r\n\r\n\r\n<p>Ziele von Verweisen, die von unseren Seiten auf fremde Internetseiten angebracht wurden, hatten zum Zeitpunkt der Linksetzung keine von uns erkennbaren gesetzwidrigen Inhalte. Wir haben jedoch auf diese fremden Internetinhalte keinen Einfluss und distanzieren uns hiermit von den dort zur Verf\u00fcgung gestellten Inhalten ausdr\u00fccklich. Insbesondere k\u00f6nnen wir nicht daf\u00fcr garantieren, dass andere Internet-Seiten der angelinkten Webpr\u00e4senz ausschlie\u00dflich rechtlich einwandfreie Inhalte bereithalten, ebenso wenig daf\u00fcr, dass die angelinkte Internetseite nicht nachtr\u00e4glich in rechtlich nicht einwandfreier Weise ver\u00e4ndert wurde.<\/p>\r\n\r\n\r\n\r\n<p>Die auf den Seiten erw\u00e4hnten Markenbezeichnungen sind auf unseren Webseiten nicht in jedem Fall als solche gekennzeichnet. Wir weisen darauf hin, dass diese dennoch den Regeln des Kennzeichenrechts unterworfen sind.<\/p>\r\n","protected":false},"excerpt":{"rendered":"<p>&nbsp; Kleingartenverein Heinrich-Heine e.V. Albert-Einstein-Stra\u00dfe 7604600 Altenburg Ansprechpartner:Roland Bauer Telefon: +49 3447 830818E-Mail: webmaster[at]kgv-heine-abg.de Amtsgericht Altenburg VR200256 Haftungshinweis: Die auf dieser Website dargestellten kostenfreien Informationen dienen ausschlie\u00dflich Ihrer Information. Wir \u00fcbernehmen keinerlei Gew\u00e4hr f\u00fcr die Richtigkeit, Vollst\u00e4ndigkeit oder Aktualit\u00e4t der bereitgestellten Informationen. Anspr\u00fcche aus Auskunft, Empfehlung oder Beratung k\u00f6nnen aus<\/p>\n<p> <a class=\"continue-reading-link\" href=\"https:\/\/kgv-heine-abg.de\/index.php\/impressum\/\"><span><\/span><i class=\"crycon-right-dir\"><\/i><\/a> <\/p>\n","protected":false},"author":1,"featured_media":0,"parent":0,"menu_order":50,"comment_status":"closed","ping_status":"closed","template":"","meta":{"footnotes":""},"class_list":["post-21","page","type-page","status-publish","hentry"],"_links":{"self":[{"href":"https:\/\/kgv-heine-abg.de\/index.php\/wp-json\/wp\/v2\/pages\/21","targetHints":{"allow":["GET"]}}],"collection":[{"href":"https:\/\/kgv-heine-abg.de\/index.php\/wp-json\/wp\/v2\/pages"}],"about":[{"href":"https:\/\/kgv-heine-abg.de\/index.php\/wp-json\/wp\/v2\/types\/page"}],"author":[{"embeddable":true,"href":"https:\/\/kgv-heine-abg.de\/index.php\/wp-json\/wp\/v2\/users\/1"}],"replies":[{"embeddable":true,"href":"https:\/\/kgv-heine-abg.de\/index.php\/wp-json\/wp\/v2\/comments?post=21"}],"version-history":[{"count":4,"href":"https:\/\/kgv-heine-abg.de\/index.php\/wp-json\/wp\/v2\/pages\/21\/revisions"}],"predecessor-version":[{"id":251,"href":"https:\/\/kgv-heine-abg.de\/index.php\/wp-json\/wp\/v2\/pages\/21\/revisions\/251"}],"wp:attachment":[{"href":"https:\/\/kgv-heine-abg.de\/index.php\/wp-json\/wp\/v2\/media?parent=21"}],"curies":[{"name":"wp","href":"https:\/\/api.w.org\/{rel}","templated":true}]}}