{"id":134,"date":"2024-11-01T08:55:49","date_gmt":"2024-11-01T07:55:49","guid":{"rendered":"https:\/\/kgv-heine-abg.de\/?page_id=134"},"modified":"2026-03-04T09:45:23","modified_gmt":"2026-03-04T08:45:23","slug":"aktuelles","status":"publish","type":"page","link":"https:\/\/kgv-heine-abg.de\/index.php\/aktuelles\/","title":{"rendered":"Aktuelles"},"content":{"rendered":"\r\n<p><strong>Ruhezeiten der Anlage:<\/strong><\/p>\r\n<p>&nbsp;<\/p>\r\n<p>vom 01.05. &#8211; 30.09.<\/p>\r\n<p>Montag bis Samstag 13:00 &#8211; 15:00 und 19:00 &#8211; 08:00 Uhr<\/p>\r\n<p>Sonntag und Feiertags ganzt\u00e4gig<\/p>\r\n<p>&nbsp;<\/p>\r\n<p><strong>Vorf\u00fchrung Baumschnitt<\/strong><\/p>\r\n<p>Freitag 13.03.2026\u00a0 16:00 Uhr<\/p>\r\n<p>Ort: Obstwiese<\/p>\r\n<p>Alle Interessenten sind gehr eingeladen.<\/p>\r\n<p>&nbsp;<\/p>\r\n<p>&nbsp;<\/p>\r\n<p><strong>Aufruf<\/strong><\/p>\r\n\r\n\r\n\r\n<p>wir m\u00f6chten alle unsere Gartenmitglieder bitten, Ideen und Vorschl\u00e4ge (in Schrift, Bild oder Zeichnung) einzureichen, wie unsere ber\u00e4umten Gartenfreifl\u00e4chen GA 82\/84, sowie die nicht mehr verpachteten G\u00e4rten GA 52, 124, 59, 62 sinnvoll genutzt werden und welche Gartenprojekte wir dort verwirklichen k\u00f6nnten, die dem Gemeinwohl der Gartenmitglieder dienlich w\u00e4ren und unsere Gartenanlage attraktiver werden l\u00e4sst.<\/p>\r\n\r\n\r\n\r\n<p>Auf eure Vorschl\u00e4ge sind wir gespannt, freuen uns und werden diese zur n\u00e4chsten Mitgliederversammlung vorstellen.<\/p>\r\n\r\n\r\n\r\n<p class=\"has-white-color has-text-color has-link-color wp-elements-c36bc47cf498409d429327fe95ac2985\">.<\/p>\r\n\r\n\r\n\r\n<p class=\"has-white-color has-text-color has-link-color wp-elements-c36bc47cf498409d429327fe95ac2985\">.<\/p>\r\n\r\n\r\n\r\n\r\n\r\n<p class=\"has-white-color has-text-color has-link-color wp-elements-c36bc47cf498409d429327fe95ac2985\">.<\/p>\r\n\r\n\r\n","protected":false},"excerpt":{"rendered":"<p>Ruhezeiten der Anlage: &nbsp; vom 01.05. &#8211; 30.09. Montag bis Samstag 13:00 &#8211; 15:00 und 19:00 &#8211; 08:00 Uhr Sonntag und Feiertags ganzt\u00e4gig &nbsp; Vorf\u00fchrung Baumschnitt Freitag 13.03.2026\u00a0 16:00 Uhr Ort: Obstwiese Alle Interessenten sind gehr eingeladen. &nbsp; &nbsp; Aufruf wir m\u00f6chten alle unsere Gartenmitglieder bitten, Ideen und Vorschl\u00e4ge (in<\/p>\n<p> <a class=\"continue-reading-link\" href=\"https:\/\/kgv-heine-abg.de\/index.php\/aktuelles\/\"><span><\/span><i class=\"crycon-right-dir\"><\/i><\/a> <\/p>\n","protected":false},"author":1,"featured_media":0,"parent":0,"menu_order":5,"comment_status":"closed","ping_status":"closed","template":"","meta":{"footnotes":""},"class_list":["post-134","page","type-page","status-publish","hentry"],"_links":{"self":[{"href":"https:\/\/kgv-heine-abg.de\/index.php\/wp-json\/wp\/v2\/pages\/134","targetHints":{"allow":["GET"]}}],"collection":[{"href":"https:\/\/kgv-heine-abg.de\/index.php\/wp-json\/wp\/v2\/pages"}],"about":[{"href":"https:\/\/kgv-heine-abg.de\/index.php\/wp-json\/wp\/v2\/types\/page"}],"author":[{"embeddable":true,"href":"https:\/\/kgv-heine-abg.de\/index.php\/wp-json\/wp\/v2\/users\/1"}],"replies":[{"embeddable":true,"href":"https:\/\/kgv-heine-abg.de\/index.php\/wp-json\/wp\/v2\/comments?post=134"}],"version-history":[{"count":18,"href":"https:\/\/kgv-heine-abg.de\/index.php\/wp-json\/wp\/v2\/pages\/134\/revisions"}],"predecessor-version":[{"id":476,"href":"https:\/\/kgv-heine-abg.de\/index.php\/wp-json\/wp\/v2\/pages\/134\/revisions\/476"}],"wp:attachment":[{"href":"https:\/\/kgv-heine-abg.de\/index.php\/wp-json\/wp\/v2\/media?parent=134"}],"curies":[{"name":"wp","href":"https:\/\/api.w.org\/{rel}","templated":true}]}}